{"id":54,"date":"2024-01-22T18:16:48","date_gmt":"2024-01-22T17:16:48","guid":{"rendered":"https:\/\/fulminecabriole.fr\/?post_type=product&#038;p=54"},"modified":"2025-05-15T20:47:44","modified_gmt":"2025-05-15T18:47:44","slug":"fstz","status":"publish","type":"product","link":"https:\/\/fulminecabriole.fr\/?product=fstz","title":{"rendered":"#FSTZ"},"content":{"rendered":"<p><strong>Fleurs sauvages tol\u00e9rance z\u00e9ro<\/strong><br \/>\nCes hordes d\u2019inciviliserons, avec leur air de chiendent battu, tournent en ronce au lieu d\u2019aller au chardon. L\u2019ortie-culture se r\u00e9pand, le plate-banditisme nous envahit, la germination ill\u00e9gale prolif\u00e8re, le coquelico-terrorisme menace. C\u2019est la pichienlit\u00a0\u00bb<\/p>\n","protected":false},"excerpt":{"rendered":"<p>S\u00e9rigraphies de la s\u00e9rie \u00ab FSTZ \u00bb. Format 50x70cm, papier Arena Rough natural 300g, 20 exemplaires.<\/p>\n","protected":false},"featured_media":55,"comment_status":"open","ping_status":"closed","template":"","meta":{"om_disable_all_campaigns":false,"_monsterinsights_skip_tracking":false,"_monsterinsights_sitenote_active":false,"_monsterinsights_sitenote_note":"","_monsterinsights_sitenote_category":0},"product_brand":[],"product_cat":[21],"product_tag":[],"class_list":{"0":"post-54","1":"product","2":"type-product","3":"status-publish","4":"has-post-thumbnail","6":"product_cat-serigraphies-papier","8":"first","9":"instock","10":"featured","11":"shipping-taxable","12":"purchasable","13":"product-type-simple"},"aioseo_notices":[],"_links":{"self":[{"href":"https:\/\/fulminecabriole.fr\/index.php?rest_route=\/wp\/v2\/product\/54","targetHints":{"allow":["GET"]}}],"collection":[{"href":"https:\/\/fulminecabriole.fr\/index.php?rest_route=\/wp\/v2\/product"}],"about":[{"href":"https:\/\/fulminecabriole.fr\/index.php?rest_route=\/wp\/v2\/types\/product"}],"replies":[{"embeddable":true,"href":"https:\/\/fulminecabriole.fr\/index.php?rest_route=%2Fwp%2Fv2%2Fcomments&post=54"}],"wp:featuredmedia":[{"embeddable":true,"href":"https:\/\/fulminecabriole.fr\/index.php?rest_route=\/wp\/v2\/media\/55"}],"wp:attachment":[{"href":"https:\/\/fulminecabriole.fr\/index.php?rest_route=%2Fwp%2Fv2%2Fmedia&parent=54"}],"wp:term":[{"taxonomy":"product_brand","embeddable":true,"href":"https:\/\/fulminecabriole.fr\/index.php?rest_route=%2Fwp%2Fv2%2Fproduct_brand&post=54"},{"taxonomy":"product_cat","embeddable":true,"href":"https:\/\/fulminecabriole.fr\/index.php?rest_route=%2Fwp%2Fv2%2Fproduct_cat&post=54"},{"taxonomy":"product_tag","embeddable":true,"href":"https:\/\/fulminecabriole.fr\/index.php?rest_route=%2Fwp%2Fv2%2Fproduct_tag&post=54"}],"curies":[{"name":"wp","href":"https:\/\/api.w.org\/{rel}","templated":true}]}}