{"id":48,"date":"2024-01-09T17:10:45","date_gmt":"2024-01-09T16:10:45","guid":{"rendered":"https:\/\/fulminecabriole.fr\/?post_type=product&#038;p=48"},"modified":"2024-11-13T14:53:24","modified_gmt":"2024-11-13T13:53:24","slug":"gmpz-3","status":"publish","type":"product","link":"https:\/\/fulminecabriole.fr\/?product=gmpz-3","title":{"rendered":"#GMPZ 3"},"content":{"rendered":"<p><strong>Grosse monture petit zorro<\/strong><br \/>\nDans mon bolide roulent des mecs \u00e0 nique. Mate ma carrosserie, t\u00e2te ma cylindr\u00e9e\u2026Y\u2019en a sous la capote ! J\u2019\u00e9crase les chats, je fais peur aux mamies, j\u2019enfume les cyclistes, je siffle les jolies filles. Je suis l\u2019as du violent.<\/p>\n","protected":false},"excerpt":{"rendered":"<p>S\u00e9rigraphies de la s\u00e9rie \u00ab GMPZ \u00bb. Format 50x70cm, papier Arena Rough natural 300g, 8 exemplaires.<\/p>\n","protected":false},"featured_media":49,"comment_status":"open","ping_status":"closed","template":"","meta":{"om_disable_all_campaigns":false,"_monsterinsights_skip_tracking":false,"_monsterinsights_sitenote_active":false,"_monsterinsights_sitenote_note":"","_monsterinsights_sitenote_category":0},"product_brand":[],"product_cat":[26,21],"product_tag":[],"class_list":{"0":"post-48","1":"product","2":"type-product","3":"status-publish","4":"has-post-thumbnail","6":"product_cat-gmpz","7":"product_cat-serigraphies-papier","9":"first","10":"instock","11":"shipping-taxable","12":"purchasable","13":"product-type-simple"},"aioseo_notices":[],"_links":{"self":[{"href":"https:\/\/fulminecabriole.fr\/index.php?rest_route=\/wp\/v2\/product\/48","targetHints":{"allow":["GET"]}}],"collection":[{"href":"https:\/\/fulminecabriole.fr\/index.php?rest_route=\/wp\/v2\/product"}],"about":[{"href":"https:\/\/fulminecabriole.fr\/index.php?rest_route=\/wp\/v2\/types\/product"}],"replies":[{"embeddable":true,"href":"https:\/\/fulminecabriole.fr\/index.php?rest_route=%2Fwp%2Fv2%2Fcomments&post=48"}],"wp:featuredmedia":[{"embeddable":true,"href":"https:\/\/fulminecabriole.fr\/index.php?rest_route=\/wp\/v2\/media\/49"}],"wp:attachment":[{"href":"https:\/\/fulminecabriole.fr\/index.php?rest_route=%2Fwp%2Fv2%2Fmedia&parent=48"}],"wp:term":[{"taxonomy":"product_brand","embeddable":true,"href":"https:\/\/fulminecabriole.fr\/index.php?rest_route=%2Fwp%2Fv2%2Fproduct_brand&post=48"},{"taxonomy":"product_cat","embeddable":true,"href":"https:\/\/fulminecabriole.fr\/index.php?rest_route=%2Fwp%2Fv2%2Fproduct_cat&post=48"},{"taxonomy":"product_tag","embeddable":true,"href":"https:\/\/fulminecabriole.fr\/index.php?rest_route=%2Fwp%2Fv2%2Fproduct_tag&post=48"}],"curies":[{"name":"wp","href":"https:\/\/api.w.org\/{rel}","templated":true}]}}