{"id":317,"date":"2025-10-28T18:57:18","date_gmt":"2025-10-28T17:57:18","guid":{"rendered":"https:\/\/fulminecabriole.fr\/?post_type=product&#038;p=317"},"modified":"2025-10-28T18:58:49","modified_gmt":"2025-10-28T17:58:49","slug":"vos-desirs-sont-des-orgres","status":"publish","type":"product","link":"https:\/\/fulminecabriole.fr\/?product=vos-desirs-sont-des-orgres","title":{"rendered":"Vos d\u00e9sirs sont des orgres"},"content":{"rendered":"<p>S\u00e9rigraphie de la s\u00e9rie \u00ab\u00a0L&rsquo;orgre\u00a0\u00bb, format 50x70cm, papier materica Limestone 250g, 12 exemplaires<\/p>\n","protected":false},"excerpt":{"rendered":"<p>S\u00e9rigraphie de la s\u00e9rie \u00ab\u00a0L&rsquo;orgre\u00a0\u00bb, format 50x70cm, papier materica Limestone 250g, 12 exemplaires<\/p>\n","protected":false},"featured_media":318,"comment_status":"open","ping_status":"closed","template":"","meta":{"om_disable_all_campaigns":false,"_monsterinsights_skip_tracking":false,"_monsterinsights_sitenote_active":false,"_monsterinsights_sitenote_note":"","_monsterinsights_sitenote_category":0},"product_brand":[],"product_cat":[32,21],"product_tag":[],"class_list":{"0":"post-317","1":"product","2":"type-product","3":"status-publish","4":"has-post-thumbnail","6":"product_cat-lorgre","7":"product_cat-serigraphies-papier","9":"first","10":"instock","11":"shipping-taxable","12":"purchasable","13":"product-type-simple"},"aioseo_notices":[],"_links":{"self":[{"href":"https:\/\/fulminecabriole.fr\/index.php?rest_route=\/wp\/v2\/product\/317","targetHints":{"allow":["GET"]}}],"collection":[{"href":"https:\/\/fulminecabriole.fr\/index.php?rest_route=\/wp\/v2\/product"}],"about":[{"href":"https:\/\/fulminecabriole.fr\/index.php?rest_route=\/wp\/v2\/types\/product"}],"replies":[{"embeddable":true,"href":"https:\/\/fulminecabriole.fr\/index.php?rest_route=%2Fwp%2Fv2%2Fcomments&post=317"}],"wp:featuredmedia":[{"embeddable":true,"href":"https:\/\/fulminecabriole.fr\/index.php?rest_route=\/wp\/v2\/media\/318"}],"wp:attachment":[{"href":"https:\/\/fulminecabriole.fr\/index.php?rest_route=%2Fwp%2Fv2%2Fmedia&parent=317"}],"wp:term":[{"taxonomy":"product_brand","embeddable":true,"href":"https:\/\/fulminecabriole.fr\/index.php?rest_route=%2Fwp%2Fv2%2Fproduct_brand&post=317"},{"taxonomy":"product_cat","embeddable":true,"href":"https:\/\/fulminecabriole.fr\/index.php?rest_route=%2Fwp%2Fv2%2Fproduct_cat&post=317"},{"taxonomy":"product_tag","embeddable":true,"href":"https:\/\/fulminecabriole.fr\/index.php?rest_route=%2Fwp%2Fv2%2Fproduct_tag&post=317"}],"curies":[{"name":"wp","href":"https:\/\/api.w.org\/{rel}","templated":true}]}}