{"id":221,"date":"2023-01-21T18:33:31","date_gmt":"2023-01-21T17:33:31","guid":{"rendered":"https:\/\/fulminecabriole.fr\/?post_type=product&#038;p=221"},"modified":"2024-11-18T16:42:56","modified_gmt":"2024-11-18T15:42:56","slug":"loin-4","status":"publish","type":"product","link":"https:\/\/fulminecabriole.fr\/?product=loin-4","title":{"rendered":"#Loin 4"},"content":{"rendered":"<p>Loin la v\u00e9n\u00e9neuse testost\u00e9rone,<br \/>\nLoin les infinit\u00e9sim\u00e2les et les suspectoraux<br \/>\nLoin les crasseux m\u2019as-tu-vu et les puants va-t-en-guerre,<br \/>\nLoin les facheux k\u00e9pis, les pisseuses jantes alu,<br \/>\nLoin les minables dominants et les virils \u00e0 la d\u00e9rive,<br \/>\nLoin le f\u00e9cal of duty, loin les insupporters du psg\u2026 tr\u00e8s loin\u2026<\/p>\n","protected":false},"excerpt":{"rendered":"<p>S\u00e9rigraphies de la s\u00e9rie \u00ab Les loins \u00bb. Format 40x50cm, papier Arena Rough natural 300g, 25 exemplaires<\/p>\n","protected":false},"featured_media":248,"comment_status":"open","ping_status":"closed","template":"","meta":{"om_disable_all_campaigns":false,"_monsterinsights_skip_tracking":false,"_monsterinsights_sitenote_active":false,"_monsterinsights_sitenote_note":"","_monsterinsights_sitenote_category":0},"product_brand":[],"product_cat":[28,21],"product_tag":[],"class_list":{"0":"post-221","1":"product","2":"type-product","3":"status-publish","4":"has-post-thumbnail","6":"product_cat-les-loins","7":"product_cat-serigraphies-papier","9":"first","10":"instock","11":"featured","12":"shipping-taxable","13":"purchasable","14":"product-type-simple"},"aioseo_notices":[],"_links":{"self":[{"href":"https:\/\/fulminecabriole.fr\/index.php?rest_route=\/wp\/v2\/product\/221","targetHints":{"allow":["GET"]}}],"collection":[{"href":"https:\/\/fulminecabriole.fr\/index.php?rest_route=\/wp\/v2\/product"}],"about":[{"href":"https:\/\/fulminecabriole.fr\/index.php?rest_route=\/wp\/v2\/types\/product"}],"replies":[{"embeddable":true,"href":"https:\/\/fulminecabriole.fr\/index.php?rest_route=%2Fwp%2Fv2%2Fcomments&post=221"}],"wp:featuredmedia":[{"embeddable":true,"href":"https:\/\/fulminecabriole.fr\/index.php?rest_route=\/wp\/v2\/media\/248"}],"wp:attachment":[{"href":"https:\/\/fulminecabriole.fr\/index.php?rest_route=%2Fwp%2Fv2%2Fmedia&parent=221"}],"wp:term":[{"taxonomy":"product_brand","embeddable":true,"href":"https:\/\/fulminecabriole.fr\/index.php?rest_route=%2Fwp%2Fv2%2Fproduct_brand&post=221"},{"taxonomy":"product_cat","embeddable":true,"href":"https:\/\/fulminecabriole.fr\/index.php?rest_route=%2Fwp%2Fv2%2Fproduct_cat&post=221"},{"taxonomy":"product_tag","embeddable":true,"href":"https:\/\/fulminecabriole.fr\/index.php?rest_route=%2Fwp%2Fv2%2Fproduct_tag&post=221"}],"curies":[{"name":"wp","href":"https:\/\/api.w.org\/{rel}","templated":true}]}}