{"id":153,"date":"2024-01-11T15:28:17","date_gmt":"2024-01-11T14:28:17","guid":{"rendered":"https:\/\/fulminecabriole.fr\/?post_type=product&#038;p=153"},"modified":"2025-10-28T18:56:48","modified_gmt":"2025-10-28T17:56:48","slug":"fulmine-et-cabriole-3","status":"publish","type":"product","link":"https:\/\/fulminecabriole.fr\/?product=fulmine-et-cabriole-3","title":{"rendered":"Fulmine et Cabriole #3"},"content":{"rendered":"<p>Je suis un homme. Blanc. H\u00e9t\u00e9ro. Je ne manque de rien. Je ne serai jamais Rosa Parks ou Joseph Wresinski. Je ne manque de rien et pourtant je me sens inadapt\u00e9 \u00e0 ce monde. Je ne sais toujours pas comment regarder dans les yeux un mendiant en sortant les bras charg\u00e9s d\u2019un supermarch\u00e9. Je me refuse \u00e0 comprendre pourquoi des migrants meurent en mer, pourquoi nos peurs nous font dresser des murs, pourquoi notre confort est plus pr\u00e9cieux que le butinement des abeilles ou que les glaciers du Mont Blanc. Je ne manque de rien, sauf d\u2019insouciance. Col\u00e8re et indignation me rongent, atteignent ma paix et ma joie de vivre. Et pourtant j\u2019ai gard\u00e9 intact mon \u00e9merveillement face \u00e0 la beaut\u00e9 du monde, j\u2019en ai fait mon arme et mon refuge. J\u2019aime la paix d\u2019un lac de montagne et le volcan d\u2019un regard amoureux. Je cherche avec fr\u00e9n\u00e9sie la po\u00e9sie qui \u00e9meut et les rencontres qui bouleversent. Je n\u2019en ai jamais assez.<br \/>\nRire et grogne sont mes deux dragons. L\u2019un rugit, l\u2019autre danse, l\u2019un cabriole et l\u2019autre fulmine. Entre flammes et \u00e9tincelles, leur combat m\u2019\u00e9puise autant qu\u2019il me maintient en vie. Tenter de les apprivoiser est vain, je peux juste apprendre \u00e0 vivre avec eux. J\u2019aimerais tellement nous r\u00e9concilier.<\/p>\n","protected":false},"excerpt":{"rendered":"<p>S\u00e9rigraphie \u00ab Fulmine et Cabriole \u00bb. Format 50x70cm, papier Arena Rough natural 300g, 9 exemplaires<\/p>\n","protected":false},"featured_media":316,"comment_status":"open","ping_status":"closed","template":"","meta":{"om_disable_all_campaigns":false,"_monsterinsights_skip_tracking":false,"_monsterinsights_sitenote_active":false,"_monsterinsights_sitenote_note":"","_monsterinsights_sitenote_category":0},"product_brand":[],"product_cat":[29,21],"product_tag":[],"class_list":{"0":"post-153","1":"product","2":"type-product","3":"status-publish","4":"has-post-thumbnail","6":"product_cat-fulmine-et-cabriole","7":"product_cat-serigraphies-papier","9":"first","10":"instock","11":"shipping-taxable","12":"purchasable","13":"product-type-simple"},"aioseo_notices":[],"_links":{"self":[{"href":"https:\/\/fulminecabriole.fr\/index.php?rest_route=\/wp\/v2\/product\/153","targetHints":{"allow":["GET"]}}],"collection":[{"href":"https:\/\/fulminecabriole.fr\/index.php?rest_route=\/wp\/v2\/product"}],"about":[{"href":"https:\/\/fulminecabriole.fr\/index.php?rest_route=\/wp\/v2\/types\/product"}],"replies":[{"embeddable":true,"href":"https:\/\/fulminecabriole.fr\/index.php?rest_route=%2Fwp%2Fv2%2Fcomments&post=153"}],"wp:featuredmedia":[{"embeddable":true,"href":"https:\/\/fulminecabriole.fr\/index.php?rest_route=\/wp\/v2\/media\/316"}],"wp:attachment":[{"href":"https:\/\/fulminecabriole.fr\/index.php?rest_route=%2Fwp%2Fv2%2Fmedia&parent=153"}],"wp:term":[{"taxonomy":"product_brand","embeddable":true,"href":"https:\/\/fulminecabriole.fr\/index.php?rest_route=%2Fwp%2Fv2%2Fproduct_brand&post=153"},{"taxonomy":"product_cat","embeddable":true,"href":"https:\/\/fulminecabriole.fr\/index.php?rest_route=%2Fwp%2Fv2%2Fproduct_cat&post=153"},{"taxonomy":"product_tag","embeddable":true,"href":"https:\/\/fulminecabriole.fr\/index.php?rest_route=%2Fwp%2Fv2%2Fproduct_tag&post=153"}],"curies":[{"name":"wp","href":"https:\/\/api.w.org\/{rel}","templated":true}]}}